{"id":963,"date":"2019-05-30T12:44:21","date_gmt":"2019-05-30T10:44:21","guid":{"rendered":"https:\/\/www.miroeurope.net\/new\/?page_id=963"},"modified":"2019-05-30T12:44:52","modified_gmt":"2019-05-30T10:44:52","slug":"privacy-policy","status":"publish","type":"page","link":"https:\/\/www.miroeurope.net\/it\/privacy-policy","title":{"rendered":"Informativa privacy"},"content":{"rendered":"<p>&nbsp;<\/p>\n<p>&nbsp;<\/p>\n<p><b><u>INFORMATIVA PER IL TRATTAMENTO DEI DATI PERSONALI<\/u><\/b><br \/>\n<strong>\u00a0<\/strong><\/p>\n<p><strong>MIRO EUROPE S.r.l.<\/strong>, con sede legale in Via Boggia 4 &#8211; 28013 \u00a0 \u2013 Veruno (NO), CF e P.IVA 01831240039 (in seguito, \u201c<strong>Titolare<\/strong>\u201d), in qualit\u00e0 di titolare del trattamento, La informa ai sensi dell\u2019art. 13 D.Lgs. 30.6.2003 n. 196 (in seguito, \u201c<strong>Codice Privacy<\/strong>\u201d) e dell\u2019art. 13 Regolamento UE n. 2016\/679 (in seguito, \u201c<strong>GDPR<\/strong>\u201d) che i Suoi dati saranno trattati con le modalit\u00e0 e per le finalit\u00e0 seguenti:<br \/>\n<b>1.\u00a0\u00a0\u00a0\u00a0\u00a0Oggetto del Trattamento<\/b><br \/>\nIl Titolare tratta i dati personali, identificativi (ad esempio, nome, cognome, ragione sociale, indirizzo, telefono, e-mail, riferimenti bancari e di pagamento) \u2013 in seguito, \u201c<strong>dati personali<\/strong>\u201d o anche \u201c<strong>dati<\/strong>\u201d) da Lei comunicati in occasione della conclusione di contratti per i servizi del Titolare.<br \/>\n<b>2.\u00a0\u00a0\u00a0\u00a0\u00a0Finalit\u00e0 del trattamento<\/b><br \/>\nI Suoi dati personali sono trattati:<\/p>\n<ol>\n<li>senza il Suo consenso espresso (art. 24 lett. a), b), c) Codice Privacy e art. 6 lett. b), e) GDPR), per le seguenti Finalit\u00e0 diServizio:\n<ul>\n<li>concludere i contratti per i servizi delTitolare;<\/li>\n<li>adempiere agli obblighi precontrattuali, contrattuali e fiscali derivanti da rapporti con Lei in essere;<\/li>\n<li>adempiere agli obblighi previsti dalla legge, da un regolamento, dalla normativa comunitaria o da un ordine dell\u2019Autorit\u00e0 (come ad esempio in materia diantiriciclaggio);<\/li>\n<\/ul>\n<\/li>\n<\/ol>\n<p>&#8211;\u00a0\u00a0\u00a0\u00a0\u00a0\u00a0\u00a0\u00a0\u00a0\u00a0\u00a0\u00a0\u00a0\u00a0esercitare i diritti del Titolare, ada esempio il diritto di difesa ingiudizio;<\/p>\n<p>&nbsp;<\/p>\n<ol>\n<li>solo previo Suo specifico e distinto consenso (artt. 23 e 130 Codice Privacy e art. 7 GDPR), per le seguenti Finalit\u00e0 diMarketing:<\/li>\n<\/ol>\n<ul>\n<li>inviarLe via e-mail, posta e\/o sms e\/o contatti telefonici,newsletter, comunicazioni commerciali e\/o materiale pubblicitario su prodotti o servizi offerti dal Titolare e rilevazione del grado di soddisfazione sulla qualit\u00e0 dei servizi;<\/li>\n<li>inviarLe via e-mail, posta e\/o sms e\/o contatti telefonici comunicazioni commerciali e\/o promozionali di soggetti terzi (ad esempio, business partner, compagnie<\/li>\n<\/ul>\n<p>Le segnaliamo che se siete gi\u00e0 nostri clienti, potremo inviarLe comunicazioni commerciali relative a servizi e prodotti del Titolare analoghi a quelli di cui ha gi\u00e0 usufruito, salvo Suo dissenso (art. 130 c. 4 Codice Privacy).<br \/>\n<b>3.Modalit\u00e0 di trattamento<\/b><br \/>\nIl trattamento dei Suoi dati personali \u00e8 realizzato per mezzo delle operazioni indicate all\u2019art. 4 Codice Privacy e all\u2019art. 4 n. 2) GDPR e precisamente: raccolta, registrazione, organizzazione, conservazione, consultazione, elaborazione, modificazione, selezione, estrazione, raffronto, utilizzo, interconnessione, blocco, comunicazione, cancellazione e distruzione dei dati.<\/p>\n<p>&nbsp;<\/p>\n<p>I Suoi dati personali sono sottoposti a trattamento sia cartaceo che elettronico e\/o automatizzato.<\/p>\n<p>Il Titolare tratter\u00e0 i dati personali per il tempo necessario per adempiere alle finalit\u00e0 di cui sopra e comunque per non oltre 10 anni dalla cessazione del rapporto per le Finalit\u00e0 di Servizio e per non oltre 2 anni dalla raccolta dei dati per le Finalit\u00e0 di Marketing.<br \/>\n<b>4.Accesso ai dati<\/b><br \/>\nI Suoi dati potranno essere resi accessibili per le finalit\u00e0 di cui all\u2019art. 2.a) e 2.b):<\/p>\n<p>&nbsp;<\/p>\n<ul>\n<li>a dipendenti e collaboratori del Titolare, nella loro qualit\u00e0 di incaricati e\/o responsabili interni del trattamento e\/o amministratori disistema;<\/li>\n<li>a societ\u00e0 terze o altri soggetti (a titolo indicativo, istituti di credito, studi professionali, consulenti, societ\u00e0 di assicurazione, etc.) che svolgono attivit\u00e0 in outsourcing per conto del Titolare, nella loro qualit\u00e0 di responsabili esterni del trattamento.<\/li>\n<\/ul>\n<p><b>5.Comunicazione dei dati<\/b><br \/>\nSenza la necessit\u00e0 di un espresso consenso (ex art. 24 lett. a), b), d) Codice Privacy e art. 6 lett. b) e c) GDPR), il Titolare potr\u00e0 comunicare i Suoi dati per le finalit\u00e0 di cui all\u2019art. 2.a) a Organismi di vigilanza, Autorit\u00e0 giudiziarie, a societ\u00e0 di assicurazione per la prestazione di servizi assicurativi, nonch\u00e9 a quei soggetti ai quali la comunicazione sia obbligatoria per legge per l\u2019espletamento delle finalit\u00e0 dette. Detti soggetti tratteranno i dati nella loro qualit\u00e0 di autonomi titolari del trattamento.<\/p>\n<p>I Suoi dati non saranno diffusi.<br \/>\n<b>6.Trasferimento dati<\/b><br \/>\nI dati personali sono conservati sul server ubicato a Gattico \u2013 Veruno presso la sede del Titolare, all\u2019interno dell\u2019Unione Europea. Resta in ogni caso inteso che il Titolare, ove si rendesse necessario, avr\u00e0 facolt\u00e0 di spostare i server anche extra-UE. In tal caso, il Titolare assicura sin d\u2019ora che il trasferimento dei dati extra-UE avverr\u00e0 in conformit\u00e0 alle disposizioni di legge applicabili, previa stipula delle clausole contrattuali standard previste dalla CommissioneEuropea.<\/p>\n<p>&nbsp;<\/p>\n<ol start=\"7\">\n<li><strong>Natura del conferimento dei dati e conseguenze del rifiuto di rispondere <\/strong>Il conferimento dei dati per le finalit\u00e0 di cui all\u2019art. 2.a) \u00e8 obbligatorio. In loro assenza, non potremo guarantirle i servizi dell\u2019art.a).<\/li>\n<\/ol>\n<p>&nbsp;<\/p>\n<p>Il conferimento dei dati per le finalit\u00e0 di cui all\u2019art. 2.b) \u00e8 invece facoltativo. Pu\u00f2 quindi decidere di non conferire alcun dato o di negare successivamente la possibilit\u00e0 di trattare dati gi\u00e0 forniti: in tal caso, non potr\u00e0 ricevere newsletter, comunicazioni commerciali e materiale pubblicitario inerenti ai Servizi offerti dal Titolare. Continuer\u00e0 comunque ad avere diritto ai Servizi di cui all\u2019art. 2.a).<\/p>\n<p><b>8.Diritti dell\u2019interessato<\/b><br \/>\nNella Sua qualit\u00e0 di interessato, ha i diritti di cui all\u2019art. 7 Codice Privacy e art. 15 GDPR e precisamente i diritti di:<\/p>\n<ol>\n<li>ottenere la conferma dell&#8217;esistenza o meno di dati personali che La riguardano, anche se non ancora registrati, e la loro comunicazione in formaintelligibile;<\/li>\n<li>ottenere l&#8217;indicazione: a) dell&#8217;origine dei dati personali; b) delle finalit\u00e0 e modalit\u00e0 del trattamento; c) della logica applicata in caso di trattamento effettuato con l&#8217;ausilio di strumenti elettronici; d)degli estremi identificativi del titolare, dei responsabili e del rappresentante designato ai sensi dell&#8217;art. 5, comma 2 Codice Privacy e art. 3, comma 1, GDPR; e) dei soggetti o delle categorie di soggetti ai quali i dati personali possono essere comunicati o che possono venirne a conoscenza in qualit\u00e0 di rappresentante designato nel territorio dello Stato, di responsabili oincaricati;<\/li>\n<\/ol>\n<ul>\n<li>ottenere: a) l&#8217;aggiornamento, la rettificazione ovvero, quando viha interesse, l&#8217;integrazione dei dati; b) la cancellazione, la trasformazione in forma anonima o il blocco dei dati trattati in violazione di legge, compresi quelli di cui non \u00e8 necessaria la conservazione in relazione agli scopi per i quali i dati sono stati raccolti o successivamentetrattati;<\/li>\n<\/ul>\n<ol>\n<li>l&#8217;attestazione che le operazioni di cui alle lettere a) e b) sono state portate a conoscenza, anche per quanto riguarda il loro contenuto, di coloro ai quali i dati sono stati comunicati o diffusi, eccettuato il caso in cui tale adempimento si rivela impossibile o comporta un impiego di mezzi manifestamente sproporzionato rispetto al dirittotutelato;\n<ol>\n<li>opporsi, in tutto o in parte: a) per motivi legittimi al trattamento dei dati personali che La riguardano, ancorch\u00e9 pertinenti allo scopo della raccolta; b) al trattamento di dati personali che La riguardano a fini di invio di materiale pubblicitario o di vendita diretta o per il compimento di ricerche di mercato o di comunicazione commerciale, mediante l\u2019uso di sistemi automatizzati di chiamata senza l\u2019intervento di un operatore mediante e-mail e\/o mediante modalit\u00e0 di marketing tradizionali mediante telefono e\/o posta cartacea. Si fa presente che il diritto di opposizione dell\u2019interessato, esposto al precedente punto b), per finalit\u00e0 di marketing diretto mediante modalit\u00e0 automatizzate si estende a quelle tradizionali e che comunque resta salva la possibilit\u00e0 per l\u2019interessato di esercitare il diritto di opposizione anche soloin<\/li>\n<\/ol>\n<\/li>\n<\/ol>\n<p>&nbsp;<\/p>\n<p>parte. Pertanto, l\u2019interessato pu\u00f2 decidere di ricevere solo comunicazioni mediante modalit\u00e0 tradizionali ovvero solo comunicazioni automatizzate oppure nessuna delle due tipologie di comunicazione.<\/p>\n<p>Ove applicabili, ha altres\u00ec i diritti di cui agli artt. 16-21 GDPR (Diritto di rettifica, diritto all\u2019oblio, diritto di limitazione di trattamento, diritto alla portabilit\u00e0 dei dati, diritto di opposizione), nonch\u00e9 il diritto di reclamo all\u2019Autorit\u00e0 Garante.<\/p>\n<p><b>9.Modalit\u00e0 di esercizio dei diritti<\/b><br \/>\nPotr\u00e0 in qualsiasi momento esercitare i diritti inviando:<\/p>\n<p>&nbsp;<\/p>\n<p>&#8211;\u00a0\u00a0\u00a0\u00a0\u00a0\u00a0\u00a0\u00a0\u00a0\u00a0\u00a0\u00a0\u00a0\u00a0una raccomandata a.r. a MIRO EUROPE SRL via Boggia 4 \u2013 28013 Gattico \u2013 Veruno (NO);<\/p>\n<p>&#8211;\u00a0\u00a0\u00a0\u00a0\u00a0\u00a0\u00a0\u00a0\u00a0\u00a0\u00a0\u00a0\u00a0\u00a0una e-mail all\u2019indirizzo <a href=\"mailto:info@miroeurope.net\">info@miroeurope.net<\/a><\/p>\n<p><b>10.Titolare, responsabile e incaricati<\/b><br \/>\n<strong>\u00a0<\/strong><\/p>\n<p>Il Titolare del trattamento \u00e8 MIRO EUROPE S.r.l. con sede in via Boggia 4 \u2013 28013 Gattico \u2013 Veruno (NO)<\/p>\n<p>L\u2019elenco aggiornato dei responsabili e degli incaricati al trattamento \u00e8 custodito presso la sede del Titolare del trattamento.<\/p>\n","protected":false},"excerpt":{"rendered":"<p>&nbsp; &nbsp; INFORMATIVA PER IL TRATTAMENTO DEI DATI PERSONALI \u00a0 MIRO EUROPE S.r.l., con sede legale in Via Boggia 4 &#8211; 28013 \u00a0 \u2013 Veruno (NO), CF e P.IVA 01831240039 (in seguito, \u201cTitolare\u201d), in qualit\u00e0 di titolare del trattamento, La informa ai sensi dell\u2019art. 13 D.Lgs. 30.6.2003 n. 196 (in seguito, \u201cCodice Privacy\u201d) e dell\u2019art. [&hellip;]<\/p>\n","protected":false},"author":1,"featured_media":0,"parent":0,"menu_order":0,"comment_status":"closed","ping_status":"closed","template":"","meta":[],"yoast_head":"<!-- This site is optimized with the Yoast SEO plugin v18.2 - https:\/\/yoast.com\/wordpress\/plugins\/seo\/ -->\n<title>Informativa privacy - Miro Europe<\/title>\n<meta name=\"robots\" content=\"index, follow, max-snippet:-1, max-image-preview:large, max-video-preview:-1\" \/>\n<link rel=\"canonical\" href=\"https:\/\/www.miroeurope.net\/it\/privacy-policy\" \/>\n<meta property=\"og:locale\" content=\"it_IT\" \/>\n<meta property=\"og:type\" content=\"article\" \/>\n<meta property=\"og:title\" content=\"Informativa privacy - Miro Europe\" \/>\n<meta property=\"og:description\" content=\"&nbsp; &nbsp; INFORMATIVA PER IL TRATTAMENTO DEI DATI PERSONALI \u00a0 MIRO EUROPE S.r.l., con sede legale in Via Boggia 4 &#8211; 28013 \u00a0 \u2013 Veruno (NO), CF e P.IVA 01831240039 (in seguito, \u201cTitolare\u201d), in qualit\u00e0 di titolare del trattamento, La informa ai sensi dell\u2019art. 13 D.Lgs. 30.6.2003 n. 196 (in seguito, \u201cCodice Privacy\u201d) e dell\u2019art. [&hellip;]\" \/>\n<meta property=\"og:url\" content=\"https:\/\/www.miroeurope.net\/it\/privacy-policy\" \/>\n<meta property=\"og:site_name\" content=\"Miro Europe\" \/>\n<meta property=\"article:publisher\" content=\"https:\/\/www.facebook.com\/miroeuropesrl\" \/>\n<meta property=\"article:modified_time\" content=\"2019-05-30T10:44:52+00:00\" \/>\n<meta name=\"twitter:card\" content=\"summary_large_image\" \/>\n<meta name=\"twitter:label1\" content=\"Tempo di lettura stimato\" \/>\n\t<meta name=\"twitter:data1\" content=\"6 minuti\" \/>\n<script type=\"application\/ld+json\" class=\"yoast-schema-graph\">{\"@context\":\"https:\/\/schema.org\",\"@graph\":[{\"@type\":\"Organization\",\"@id\":\"https:\/\/www.miroeurope.net\/it\/#organization\",\"name\":\"Miro Europe srl\",\"url\":\"https:\/\/www.miroeurope.net\/it\/\",\"sameAs\":[\"https:\/\/www.facebook.com\/miroeuropesrl\",\"https:\/\/www.instagram.com\/miroeuropesrl\/\",\"https:\/\/www.linkedin.com\/company\/miro-europe\"],\"logo\":{\"@type\":\"ImageObject\",\"@id\":\"https:\/\/www.miroeurope.net\/it\/#logo\",\"inLanguage\":\"it-IT\",\"url\":\"\",\"contentUrl\":\"\",\"caption\":\"Miro Europe srl\"},\"image\":{\"@id\":\"https:\/\/www.miroeurope.net\/it\/#logo\"}},{\"@type\":\"WebSite\",\"@id\":\"https:\/\/www.miroeurope.net\/it\/#website\",\"url\":\"https:\/\/www.miroeurope.net\/it\/\",\"name\":\"Miro Europe\",\"description\":\"\",\"publisher\":{\"@id\":\"https:\/\/www.miroeurope.net\/it\/#organization\"},\"potentialAction\":[{\"@type\":\"SearchAction\",\"target\":{\"@type\":\"EntryPoint\",\"urlTemplate\":\"https:\/\/www.miroeurope.net\/it\/?s={search_term_string}\"},\"query-input\":\"required name=search_term_string\"}],\"inLanguage\":\"it-IT\"},{\"@type\":\"WebPage\",\"@id\":\"https:\/\/www.miroeurope.net\/it\/privacy-policy#webpage\",\"url\":\"https:\/\/www.miroeurope.net\/it\/privacy-policy\",\"name\":\"Informativa privacy - Miro Europe\",\"isPartOf\":{\"@id\":\"https:\/\/www.miroeurope.net\/it\/#website\"},\"datePublished\":\"2019-05-30T10:44:21+00:00\",\"dateModified\":\"2019-05-30T10:44:52+00:00\",\"breadcrumb\":{\"@id\":\"https:\/\/www.miroeurope.net\/it\/privacy-policy#breadcrumb\"},\"inLanguage\":\"it-IT\",\"potentialAction\":[{\"@type\":\"ReadAction\",\"target\":[\"https:\/\/www.miroeurope.net\/it\/privacy-policy\"]}]},{\"@type\":\"BreadcrumbList\",\"@id\":\"https:\/\/www.miroeurope.net\/it\/privacy-policy#breadcrumb\",\"itemListElement\":[{\"@type\":\"ListItem\",\"position\":1,\"name\":\"Home\",\"item\":\"https:\/\/www.miroeurope.net\/\"},{\"@type\":\"ListItem\",\"position\":2,\"name\":\"Informativa privacy\"}]}]}<\/script>\n<!-- \/ Yoast SEO plugin. -->","yoast_head_json":{"title":"Informativa privacy - Miro Europe","robots":{"index":"index","follow":"follow","max-snippet":"max-snippet:-1","max-image-preview":"max-image-preview:large","max-video-preview":"max-video-preview:-1"},"canonical":"https:\/\/www.miroeurope.net\/it\/privacy-policy","og_locale":"it_IT","og_type":"article","og_title":"Informativa privacy - Miro Europe","og_description":"&nbsp; &nbsp; INFORMATIVA PER IL TRATTAMENTO DEI DATI PERSONALI \u00a0 MIRO EUROPE S.r.l., con sede legale in Via Boggia 4 &#8211; 28013 \u00a0 \u2013 Veruno (NO), CF e P.IVA 01831240039 (in seguito, \u201cTitolare\u201d), in qualit\u00e0 di titolare del trattamento, La informa ai sensi dell\u2019art. 13 D.Lgs. 30.6.2003 n. 196 (in seguito, \u201cCodice Privacy\u201d) e dell\u2019art. [&hellip;]","og_url":"https:\/\/www.miroeurope.net\/it\/privacy-policy","og_site_name":"Miro Europe","article_publisher":"https:\/\/www.facebook.com\/miroeuropesrl","article_modified_time":"2019-05-30T10:44:52+00:00","twitter_card":"summary_large_image","twitter_misc":{"Tempo di lettura stimato":"6 minuti"},"schema":{"@context":"https:\/\/schema.org","@graph":[{"@type":"Organization","@id":"https:\/\/www.miroeurope.net\/it\/#organization","name":"Miro Europe srl","url":"https:\/\/www.miroeurope.net\/it\/","sameAs":["https:\/\/www.facebook.com\/miroeuropesrl","https:\/\/www.instagram.com\/miroeuropesrl\/","https:\/\/www.linkedin.com\/company\/miro-europe"],"logo":{"@type":"ImageObject","@id":"https:\/\/www.miroeurope.net\/it\/#logo","inLanguage":"it-IT","url":"","contentUrl":"","caption":"Miro Europe srl"},"image":{"@id":"https:\/\/www.miroeurope.net\/it\/#logo"}},{"@type":"WebSite","@id":"https:\/\/www.miroeurope.net\/it\/#website","url":"https:\/\/www.miroeurope.net\/it\/","name":"Miro Europe","description":"","publisher":{"@id":"https:\/\/www.miroeurope.net\/it\/#organization"},"potentialAction":[{"@type":"SearchAction","target":{"@type":"EntryPoint","urlTemplate":"https:\/\/www.miroeurope.net\/it\/?s={search_term_string}"},"query-input":"required name=search_term_string"}],"inLanguage":"it-IT"},{"@type":"WebPage","@id":"https:\/\/www.miroeurope.net\/it\/privacy-policy#webpage","url":"https:\/\/www.miroeurope.net\/it\/privacy-policy","name":"Informativa privacy - Miro Europe","isPartOf":{"@id":"https:\/\/www.miroeurope.net\/it\/#website"},"datePublished":"2019-05-30T10:44:21+00:00","dateModified":"2019-05-30T10:44:52+00:00","breadcrumb":{"@id":"https:\/\/www.miroeurope.net\/it\/privacy-policy#breadcrumb"},"inLanguage":"it-IT","potentialAction":[{"@type":"ReadAction","target":["https:\/\/www.miroeurope.net\/it\/privacy-policy"]}]},{"@type":"BreadcrumbList","@id":"https:\/\/www.miroeurope.net\/it\/privacy-policy#breadcrumb","itemListElement":[{"@type":"ListItem","position":1,"name":"Home","item":"https:\/\/www.miroeurope.net\/"},{"@type":"ListItem","position":2,"name":"Informativa privacy"}]}]}},"_links":{"self":[{"href":"https:\/\/www.miroeurope.net\/it\/wp-json\/wp\/v2\/pages\/963"}],"collection":[{"href":"https:\/\/www.miroeurope.net\/it\/wp-json\/wp\/v2\/pages"}],"about":[{"href":"https:\/\/www.miroeurope.net\/it\/wp-json\/wp\/v2\/types\/page"}],"author":[{"embeddable":true,"href":"https:\/\/www.miroeurope.net\/it\/wp-json\/wp\/v2\/users\/1"}],"replies":[{"embeddable":true,"href":"https:\/\/www.miroeurope.net\/it\/wp-json\/wp\/v2\/comments?post=963"}],"version-history":[{"count":0,"href":"https:\/\/www.miroeurope.net\/it\/wp-json\/wp\/v2\/pages\/963\/revisions"}],"wp:attachment":[{"href":"https:\/\/www.miroeurope.net\/it\/wp-json\/wp\/v2\/media?parent=963"}],"curies":[{"name":"wp","href":"https:\/\/api.w.org\/{rel}","templated":true}]}}